{"id":3361,"date":"2021-06-24T13:37:29","date_gmt":"2021-06-24T13:37:29","guid":{"rendered":"https:\/\/promo-theme.com\/novo\/?page_id=3361"},"modified":"2026-04-11T23:12:08","modified_gmt":"2026-04-11T21:12:08","slug":"studio","status":"publish","type":"page","link":"https:\/\/wizualizacje.warszawa.pl\/index.php\/studio\/","title":{"rendered":"Studio"},"content":{"rendered":"\t\t<div data-elementor-type=\"wp-page\" data-elementor-id=\"3361\" class=\"elementor elementor-3361\">\n\t\t\t\t\t\t<section class=\"elementor-section elementor-top-section elementor-element elementor-element-2edb5abe elementor-section-boxed elementor-section-height-default elementor-section-height-default\" data-id=\"2edb5abe\" data-element_type=\"section\" data-e-type=\"section\">\n\t\t\t\t\t\t<div class=\"elementor-container elementor-column-gap-default\">\n\t\t\t\t\t<div class=\"elementor-column elementor-col-50 elementor-top-column elementor-element elementor-element-4ffb4c94\" data-id=\"4ffb4c94\" data-element_type=\"column\" data-e-type=\"column\" data-settings=\"{&quot;background_background&quot;:&quot;classic&quot;}\">\n\t\t\t<div class=\"elementor-widget-wrap elementor-element-populated\">\n\t\t\t\t\t\t<div class=\"elementor-element elementor-element-5693df82 elementor-widget elementor-widget-spacer\" data-id=\"5693df82\" data-element_type=\"widget\" data-e-type=\"widget\" data-widget_type=\"spacer.default\">\n\t\t\t\t\t\t\t<div class=\"elementor-spacer\">\n\t\t\t<div class=\"elementor-spacer-inner\"><\/div>\n\t\t<\/div>\n\t\t\t\t\t\t<\/div>\n\t\t\t\t\t<\/div>\n\t\t<\/div>\n\t\t\t\t<div class=\"elementor-column elementor-col-50 elementor-top-column elementor-element elementor-element-1dff58cc\" data-id=\"1dff58cc\" data-element_type=\"column\" data-e-type=\"column\" data-settings=\"{&quot;background_background&quot;:&quot;classic&quot;}\">\n\t\t\t<div class=\"elementor-widget-wrap elementor-element-populated\">\n\t\t\t\t\t\t<div class=\"elementor-element elementor-element-737ed5b5 elementor-widget elementor-widget-yprm_heading\" data-id=\"737ed5b5\" data-element_type=\"widget\" data-e-type=\"widget\" data-widget_type=\"yprm_heading.default\">\n\t\t\t\t<div class=\"elementor-widget-container\">\n\t\t\t\t\t\t\t\t<div class=\"heading-block with-line tal\">\n\t\t\t\t                  <h3 class=\"h\">FRAME studio <br \/>\n<span>wizualizacja i animacja dla architekt\u00f3w , deweloper\u00f3w , agencji reklamowych<\/span><\/h3>\n        \t\t\t<\/div>\n      \t\t\t\t\t\t<\/div>\n\t\t\t\t<\/div>\n\t\t\t\t<div class=\"elementor-element elementor-element-7542b32b elementor-widget elementor-widget-text-editor\" data-id=\"7542b32b\" data-element_type=\"widget\" data-e-type=\"widget\" data-widget_type=\"text-editor.default\">\n\t\t\t\t\t\t\t\t\t<p><span style=\"font-size: 18px; font-weight: 300;\">W <strong>FRAME Studio<\/strong>\u00a0zajmujemy si\u0119\u00a0<a href=\"https:\/\/fst.pl\/wizualizacje-galeria\/wizualizacje-budynkow\/\">wizualizacjami architektonicznymi<\/a>\u00a0i animowanymi filmami komputerowymi zar\u00f3wno budynk\u00f3w , wn\u0119trz i osiedli. Nasz\u0105 g\u0142\u00f3wn\u0105 siedzib\u0105 jest Olsztyn , ale wsp\u00f3\u0142pracujemy z firmami z ca\u0142ego kraju i z zagranicy.<br \/>Nie boimy si\u0119 trudnych wyzwa\u0144 i kr\u00f3tkich termin\u00f3w.<br \/>Zapraszamy do zapoznania si\u0119 z nasz\u0105 ofert\u0105 na stronie . Mamy nadziej\u0119, \u017ce zademonstruje nasze do\u015bwiadczenie i b\u0119dzie pocz\u0105tkiem przysz\u0142ej wsp\u00f3\u0142pracy.<\/span><\/p>\t\t\t\t\t\t\t\t<\/div>\n\t\t\t\t<div class=\"elementor-element elementor-element-6bbe46f elementor-widget elementor-widget-yprm_button\" data-id=\"6bbe46f\" data-element_type=\"widget\" data-e-type=\"widget\" data-widget_type=\"yprm_button.default\">\n\t\t\t\t<div class=\"elementor-widget-container\">\n\t\t\t\t\t\r\n\t\t<div class=\"button-container\">\r\n\t\t\t<a class=\"button-elementor button-style2\" href=\"#\" target=\"_self\">\r\n\t\t\t\t\t\t\t\t<span>czytaj wi\u0119cej<\/span>\r\n\t\t\t\t\t\t\t<\/a>\r\n\t\t<\/div>\r\n\r\n\t\t\t\t\t\t<\/div>\n\t\t\t\t<\/div>\n\t\t\t\t\t<\/div>\n\t\t<\/div>\n\t\t\t\t\t<\/div>\n\t\t<\/section>\n\t\t\t\t<section class=\"elementor-section elementor-top-section elementor-element elementor-element-6b1493de elementor-section-boxed elementor-section-height-default elementor-section-height-default\" data-id=\"6b1493de\" data-element_type=\"section\" data-e-type=\"section\">\n\t\t\t\t\t\t<div class=\"elementor-container elementor-column-gap-default\">\n\t\t\t\t\t<div class=\"elementor-column elementor-col-66 elementor-top-column elementor-element elementor-element-678afa7b\" data-id=\"678afa7b\" data-element_type=\"column\" data-e-type=\"column\" data-settings=\"{&quot;background_background&quot;:&quot;classic&quot;}\">\n\t\t\t<div class=\"elementor-widget-wrap elementor-element-populated\">\n\t\t\t\t\t\t<div class=\"elementor-element elementor-element-3e1f0cef elementor-widget elementor-widget-yprm_heading\" data-id=\"3e1f0cef\" data-element_type=\"widget\" data-e-type=\"widget\" data-widget_type=\"yprm_heading.default\">\n\t\t\t\t<div class=\"elementor-widget-container\">\n\t\t\t\t\t\t\t\t<div class=\"heading-block with-line tal\">\n\t\t\t\t                  <h3 class=\"h\">Nasze atuty<\/h3>\n        \t\t\t<\/div>\n      \t\t\t\t\t\t<\/div>\n\t\t\t\t<\/div>\n\t\t\t\t<div class=\"elementor-element elementor-element-4775b706 elementor-widget elementor-widget-yprm_skills\" data-id=\"4775b706\" data-element_type=\"widget\" data-e-type=\"widget\" data-widget_type=\"yprm_skills.default\">\n\t\t\t\t<div class=\"elementor-widget-container\">\n\t\t\t\t\t    <div class=\"skill-items-list row\">\n                        <div class=\"skill-item col-sm-6\">\n                          <figure class=\"chart\" data-percent=\"90\">\n                <figcaption>90%<\/figcaption>\n                <svg width=\"60\" height=\"60\">\n                  <circle class=\"outer\" cx=\"160\" cy=\"29\" r=\"28\" transform=\"rotate(-90, 95, 95)\" \/>\n                <\/svg>\n              <\/figure>\n                                      <h6>Wykszta\u0142cenie kierunkowe<\/h6>\n                                      <p>Dzi\u0119ki wykszta\u0142ceniu architektoniczne<\/p>\n                      <\/div>\n                                <div class=\"skill-item col-sm-6\">\n                          <figure class=\"chart\" data-percent=\"80\">\n                <figcaption>80%<\/figcaption>\n                <svg width=\"60\" height=\"60\">\n                  <circle class=\"outer\" cx=\"160\" cy=\"29\" r=\"28\" transform=\"rotate(-90, 95, 95)\" \/>\n                <\/svg>\n              <\/figure>\n                                      <h6>Oprogramowanie<\/h6>\n                                      <p>The world without photography will be meaningless to us if there is no light.<\/p>\n                      <\/div>\n                                <div class=\"skill-item col-sm-6\">\n                          <figure class=\"chart\" data-percent=\"95\">\n                <figcaption>95%<\/figcaption>\n                <svg width=\"60\" height=\"60\">\n                  <circle class=\"outer\" cx=\"160\" cy=\"29\" r=\"28\" transform=\"rotate(-90, 95, 95)\" \/>\n                <\/svg>\n              <\/figure>\n                                      <h6>Do\u015bwiadczenie<\/h6>\n                                      <p>The world without photography will be meaningless to us if there is no light.<\/p>\n                      <\/div>\n                                <div class=\"skill-item col-sm-6\">\n                          <figure class=\"chart\" data-percent=\"75\">\n                <figcaption>75%<\/figcaption>\n                <svg width=\"60\" height=\"60\">\n                  <circle class=\"outer\" cx=\"160\" cy=\"29\" r=\"28\" transform=\"rotate(-90, 95, 95)\" \/>\n                <\/svg>\n              <\/figure>\n                                      <h6>Zaplecze techniczne<\/h6>\n                                  <\/div>\n                  <\/div>\n  \t\t\t\t<\/div>\n\t\t\t\t<\/div>\n\t\t\t\t\t<\/div>\n\t\t<\/div>\n\t\t\t\t<div class=\"elementor-column elementor-col-33 elementor-top-column elementor-element elementor-element-35e20da8\" data-id=\"35e20da8\" data-element_type=\"column\" data-e-type=\"column\" data-settings=\"{&quot;background_background&quot;:&quot;classic&quot;}\">\n\t\t\t<div class=\"elementor-widget-wrap elementor-element-populated\">\n\t\t\t\t\t\t<div class=\"elementor-element elementor-element-420ea64c elementor-widget elementor-widget-spacer\" data-id=\"420ea64c\" data-element_type=\"widget\" data-e-type=\"widget\" data-widget_type=\"spacer.default\">\n\t\t\t\t\t\t\t<div class=\"elementor-spacer\">\n\t\t\t<div class=\"elementor-spacer-inner\"><\/div>\n\t\t<\/div>\n\t\t\t\t\t\t<\/div>\n\t\t\t\t\t<\/div>\n\t\t<\/div>\n\t\t\t\t\t<\/div>\n\t\t<\/section>\n\t\t\t\t<section class=\"elementor-section elementor-top-section elementor-element elementor-element-9ce99c0 elementor-section-boxed elementor-section-height-default elementor-section-height-default\" data-id=\"9ce99c0\" data-element_type=\"section\" data-e-type=\"section\">\n\t\t\t\t\t\t<div class=\"elementor-container elementor-column-gap-default\">\n\t\t\t\t\t<div class=\"elementor-column elementor-col-100 elementor-top-column elementor-element elementor-element-ed1912c\" data-id=\"ed1912c\" data-element_type=\"column\" data-e-type=\"column\">\n\t\t\t<div class=\"elementor-widget-wrap elementor-element-populated\">\n\t\t\t\t\t\t<div class=\"elementor-element elementor-element-3630ba8 elementor-widget elementor-widget-yprm_heading\" data-id=\"3630ba8\" data-element_type=\"widget\" data-e-type=\"widget\" data-widget_type=\"yprm_heading.default\">\n\t\t\t\t<div class=\"elementor-widget-container\">\n\t\t\t\t\t\t\t\t<div class=\"heading-block with-line tac\">\n\t\t\t\t                  <h3 class=\"h\">Aktualno\u015bci<\/h3>\n        \t\t\t<\/div>\n      \t\t\t\t\t\t<\/div>\n\t\t\t\t<\/div>\n\t\t\t\t<div class=\"elementor-element elementor-element-9fb8ecb elementor-widget elementor-widget-yprm_blog\" data-id=\"9fb8ecb\" data-element_type=\"widget\" data-e-type=\"widget\" data-settings=\"{&quot;cols_xs&quot;:1,&quot;cols_sm&quot;:2,&quot;cols_md&quot;:3,&quot;type&quot;:&quot;grid&quot;}\" data-widget_type=\"yprm_blog.default\">\n\t\t\t\t<div class=\"elementor-widget-container\">\n\t\t\t\t\t\r\n\t\t<div class=\"blog-block elementor-block\">\r\n\t\t\t\t\t<div class=\"filter-button-group tal\">\r\n\t\t\t<div class=\"wrap\">\r\n\t\t\t\t<button class=\"active\" data-filter=\"*\">\r\n\t\t\t\t\t<span>All<\/span>\r\n\t\t\t\t<\/button>\r\n\t\t\t\t\t\t\t\t\t<button data-filter=\".category-10\">\r\n\t\t\t\t\t\t<span>Inne<\/span>\r\n\t\t\t\t\t<\/button>\r\n\t\t\t\t\t\t\t\t\t<button data-filter=\".category-5\">\r\n\t\t\t\t\t\t<span>Wilorodzinne<\/span>\r\n\t\t\t\t\t<\/button>\r\n\t\t\t\t\t\t\t\t\t<button data-filter=\".category-7\">\r\n\t\t\t\t\t\t<span>Osiedla<\/span>\r\n\t\t\t\t\t<\/button>\r\n\t\t\t\t\t\t\t\t\t<button data-filter=\".category-4\">\r\n\t\t\t\t\t\t<span>Jednorodzinne<\/span>\r\n\t\t\t\t\t<\/button>\r\n\t\t\t\t\t\t\t<\/div>\r\n\t\t<\/div>\r\n\t\t\t\t\t<div class=\"isotope row blog-type-grid load-wrap blog-items\">\r\n        <div class=\"grid-sizer col-1\"><\/div>\r\n\t\t\t\t\r\n\t\t<article class=\"blog-item istp-item col-12 col-sm-6 col-md-4 with-image with-author category-10 category-5\">\r\n\t\t\t<div class=\"wrap\">\r\n\t\t\t\t\t\t\t\t\t<div class=\"img\" data-original=\"https:\/\/wizualizacje.warszawa.pl\/wp-content\/uploads\/2025\/10\/Wiz-3-Rawelin-w-.jpg\">\r\n\t\t\t\t\t\t<div class=\"author-info-block\">\r\n\t\t\t<div class=\"author-info-avatar\" style=\"background-image: url(https:\/\/secure.gravatar.com\/avatar\/2ccf09972b49c6d567cc2fc7f7530e37c248546731f48e3b31f361be6bdf7937?s=96&d=mm&r=g)\"><\/div>\r\n\t\t\t<div class=\"author-info-content\">\r\n\t\t\t\t<div class=\"name\">ozzy<\/div>\r\n\t\t\t\t\t\t<div class=\"date\">1 pa\u017adziernika 2023<\/div>\r\n\t\t\t\t\t<\/div>\r\n\t\t<\/div>\r\n\t\t\t\t\t\t<a href=\"https:\/\/wizualizacje.warszawa.pl\/index.php\/2023\/10\/01\/apartamenty_rawelin\/\" style=\"background-image: url(https:\/\/wizualizacje.warszawa.pl\/wp-content\/uploads\/2025\/10\/Wiz-3-Rawelin-w--1024x581.jpg)\"><\/a>\r\n\t\t\t<\/div>\r\n\t\t\t\t\t\t\t\t<div class=\"content\">\r\n\t\t\t\t\t\t\t\t\t\t\t\t<h5>\r\n\t\t\t<a class=\"title\" href=\"https:\/\/wizualizacje.warszawa.pl\/index.php\/2023\/10\/01\/apartamenty_rawelin\/\">Apartamenty Rawelin<\/a>\r\n\t\t<\/h5>\r\n\t\t\t\t\t\t\t\t\t\t\t\t\t\t\t\t\t\t\t<a href=\"https:\/\/wizualizacje.warszawa.pl\/index.php\/2023\/10\/01\/apartamenty_rawelin\/\" class=\"button-style2\">\r\n\t\t\tRead More\t\t<\/a>\r\n\t\t\t\t\t\t<\/div>\r\n        <div class=\"clear\"><\/div>\r\n        \t\t<div class=\"bottom\">\r\n\t\t\t\t\t\t\t<div class=\"col\">\r\n\t\t\t\t\t<a href=\"#\" class=\"zilla-likes\" id=\"zilla-likes-1198\" title=\"Like this\" data-postfix=\" like\"><i class=\"multimedia-icon-heart\"><\/i> <span>0 likes<\/span><\/a>\t\t\t\t<\/div>\r\n\t\t\t\t\t\t\t\t\t\t<div class=\"col\">\r\n\t\t\t\t\t<i class=\"multimedia-icon-speech-bubble-1\"><\/i>\r\n\t\t\t\t\t<a href=\"https:\/\/wizualizacje.warszawa.pl\/index.php\/2023\/10\/01\/apartamenty_rawelin\/#comments\">Brak komentarzy<\/a>\r\n\t\t\t\t<\/div>\r\n\t\t\t\t\t<\/div>\r\n\t\t\t\t\t<\/div>\r\n\t\t<\/article>\r\n\t\t\r\n\t\t<article class=\"blog-item istp-item col-12 col-sm-6 col-md-4 with-image with-author category-7 category-5\">\r\n\t\t\t<div class=\"wrap\">\r\n\t\t\t\t\t\t\t\t\t<div class=\"img\" data-original=\"https:\/\/wizualizacje.warszawa.pl\/wp-content\/uploads\/2017\/09\/Chmielna-Duo-3w.jpg\">\r\n\t\t\t\t\t\t<div class=\"author-info-block\">\r\n\t\t\t<div class=\"author-info-avatar\" style=\"background-image: url(https:\/\/secure.gravatar.com\/avatar\/2ccf09972b49c6d567cc2fc7f7530e37c248546731f48e3b31f361be6bdf7937?s=96&d=mm&r=g)\"><\/div>\r\n\t\t\t<div class=\"author-info-content\">\r\n\t\t\t\t<div class=\"name\">ozzy<\/div>\r\n\t\t\t\t\t\t<div class=\"date\">15 wrze\u015bnia 2022<\/div>\r\n\t\t\t\t\t<\/div>\r\n\t\t<\/div>\r\n\t\t\t\t\t\t<a href=\"https:\/\/wizualizacje.warszawa.pl\/index.php\/2022\/09\/15\/chmielna-duo\/\" style=\"background-image: url(https:\/\/wizualizacje.warszawa.pl\/wp-content\/uploads\/2017\/09\/Chmielna-Duo-3w-1024x683.jpg)\"><\/a>\r\n\t\t\t<\/div>\r\n\t\t\t\t\t\t\t\t<div class=\"content\">\r\n\t\t\t\t\t\t\t\t\t\t\t\t<h5>\r\n\t\t\t<a class=\"title\" href=\"https:\/\/wizualizacje.warszawa.pl\/index.php\/2022\/09\/15\/chmielna-duo\/\">Chmielna Duo Apartamenty<\/a>\r\n\t\t<\/h5>\r\n\t\t\t\t\t\t\t\t\t\t\t\t\t\t\t\t\t\t\t<a href=\"https:\/\/wizualizacje.warszawa.pl\/index.php\/2022\/09\/15\/chmielna-duo\/\" class=\"button-style2\">\r\n\t\t\tRead More\t\t<\/a>\r\n\t\t\t\t\t\t<\/div>\r\n        <div class=\"clear\"><\/div>\r\n        \t\t<div class=\"bottom\">\r\n\t\t\t\t\t\t\t<div class=\"col\">\r\n\t\t\t\t\t<a href=\"#\" class=\"zilla-likes\" id=\"zilla-likes-676\" title=\"Like this\" data-postfix=\" like\"><i class=\"multimedia-icon-heart\"><\/i> <span>0 likes<\/span><\/a>\t\t\t\t<\/div>\r\n\t\t\t\t\t\t\t\t\t\t<div class=\"col\">\r\n\t\t\t\t\t<i class=\"multimedia-icon-speech-bubble-1\"><\/i>\r\n\t\t\t\t\t<a href=\"https:\/\/wizualizacje.warszawa.pl\/index.php\/2022\/09\/15\/chmielna-duo\/#comments\">Brak komentarzy<\/a>\r\n\t\t\t\t<\/div>\r\n\t\t\t\t\t<\/div>\r\n\t\t\t\t\t<\/div>\r\n\t\t<\/article>\r\n\t\t\r\n\t\t<article class=\"blog-item istp-item col-12 col-sm-6 col-md-4 with-image with-author category-4 category-7 category-5\">\r\n\t\t\t<div class=\"wrap\">\r\n\t\t\t\t\t\t\t\t\t<div class=\"img\" data-original=\"https:\/\/wizualizacje.warszawa.pl\/wp-content\/uploads\/2017\/09\/ChatGPT-Image-12-lut-2026-15_03_48.png\">\r\n\t\t\t\t\t\t<div class=\"author-info-block\">\r\n\t\t\t<div class=\"author-info-avatar\" style=\"background-image: url(https:\/\/secure.gravatar.com\/avatar\/2ccf09972b49c6d567cc2fc7f7530e37c248546731f48e3b31f361be6bdf7937?s=96&d=mm&r=g)\"><\/div>\r\n\t\t\t<div class=\"author-info-content\">\r\n\t\t\t\t<div class=\"name\">ozzy<\/div>\r\n\t\t\t\t\t\t<div class=\"date\">15 marca 2026<\/div>\r\n\t\t\t\t\t<\/div>\r\n\t\t<\/div>\r\n\t\t\t\t\t\t<a href=\"https:\/\/wizualizacje.warszawa.pl\/index.php\/2026\/03\/15\/animacje-ai\/\" style=\"background-image: url(https:\/\/wizualizacje.warszawa.pl\/wp-content\/uploads\/2017\/09\/ChatGPT-Image-12-lut-2026-15_03_48-1024x683.png)\"><\/a>\r\n\t\t\t<\/div>\r\n\t\t\t\t\t\t\t\t<div class=\"content\">\r\n\t\t\t\t\t\t\t\t\t\t\t\t<h5>\r\n\t\t\t<a class=\"title\" href=\"https:\/\/wizualizacje.warszawa.pl\/index.php\/2026\/03\/15\/animacje-ai\/\">Animacje AI<\/a>\r\n\t\t<\/h5>\r\n\t\t\t\t\t\t\t\t\t\t\t\t\t\t\t\t\t\t\t<a href=\"https:\/\/wizualizacje.warszawa.pl\/index.php\/2026\/03\/15\/animacje-ai\/\" class=\"button-style2\">\r\n\t\t\tRead More\t\t<\/a>\r\n\t\t\t\t\t\t<\/div>\r\n        <div class=\"clear\"><\/div>\r\n        \t\t<div class=\"bottom\">\r\n\t\t\t\t\t\t\t<div class=\"col\">\r\n\t\t\t\t\t<a href=\"#\" class=\"zilla-likes\" id=\"zilla-likes-623\" title=\"Like this\" data-postfix=\" like\"><i class=\"multimedia-icon-heart\"><\/i> <span>0 likes<\/span><\/a>\t\t\t\t<\/div>\r\n\t\t\t\t\t\t\t\t\t\t<div class=\"col\">\r\n\t\t\t\t\t<i class=\"multimedia-icon-speech-bubble-1\"><\/i>\r\n\t\t\t\t\t<a href=\"https:\/\/wizualizacje.warszawa.pl\/index.php\/2026\/03\/15\/animacje-ai\/#comments\">Brak komentarzy<\/a>\r\n\t\t\t\t<\/div>\r\n\t\t\t\t\t<\/div>\r\n\t\t\t\t\t<\/div>\r\n\t\t<\/article>\r\n\t\t\t\t\t<\/div>\r\n\t\t\t\t\t<\/div>\r\n\r\n    \t\t\t\t<\/div>\n\t\t\t\t<\/div>\n\t\t\t\t\t<\/div>\n\t\t<\/div>\n\t\t\t\t\t<\/div>\n\t\t<\/section>\n\t\t\t\t<\/div>\n\t\t","protected":false},"excerpt":{"rendered":"<p>FRAME studio wizualizacja i animacja dla architekt\u00f3w , deweloper\u00f3w , agencji reklamowych W FRAME Studio\u00a0zajmujemy si\u0119\u00a0wizualizacjami architektonicznymi\u00a0i animowanymi filmami komputerowymi zar\u00f3wno budynk\u00f3w , wn\u0119trz i osiedli. Nasz\u0105 g\u0142\u00f3wn\u0105 siedzib\u0105 jest Olsztyn , ale wsp\u00f3\u0142pracujemy z firmami z ca\u0142ego kraju i z zagranicy.Nie boimy si\u0119 trudnych wyzwa\u0144 i kr\u00f3tkich termin\u00f3w.Zapraszamy do zapoznania si\u0119 z nasz\u0105 ofert\u0105 [&hellip;]<\/p>\n","protected":false},"author":1,"featured_media":0,"parent":0,"menu_order":0,"comment_status":"closed","ping_status":"closed","template":"template-landing.php","meta":{"_acf_changed":false,"_themeisle_gutenberg_block_has_review":false,"footnotes":""},"class_list":["post-3361","page","type-page","status-publish","hentry"],"acf":[],"_links":{"self":[{"href":"https:\/\/wizualizacje.warszawa.pl\/index.php\/wp-json\/wp\/v2\/pages\/3361","targetHints":{"allow":["GET"]}}],"collection":[{"href":"https:\/\/wizualizacje.warszawa.pl\/index.php\/wp-json\/wp\/v2\/pages"}],"about":[{"href":"https:\/\/wizualizacje.warszawa.pl\/index.php\/wp-json\/wp\/v2\/types\/page"}],"author":[{"embeddable":true,"href":"https:\/\/wizualizacje.warszawa.pl\/index.php\/wp-json\/wp\/v2\/users\/1"}],"replies":[{"embeddable":true,"href":"https:\/\/wizualizacje.warszawa.pl\/index.php\/wp-json\/wp\/v2\/comments?post=3361"}],"version-history":[{"count":25,"href":"https:\/\/wizualizacje.warszawa.pl\/index.php\/wp-json\/wp\/v2\/pages\/3361\/revisions"}],"predecessor-version":[{"id":3829,"href":"https:\/\/wizualizacje.warszawa.pl\/index.php\/wp-json\/wp\/v2\/pages\/3361\/revisions\/3829"}],"wp:attachment":[{"href":"https:\/\/wizualizacje.warszawa.pl\/index.php\/wp-json\/wp\/v2\/media?parent=3361"}],"curies":[{"name":"wp","href":"https:\/\/api.w.org\/{rel}","templated":true}]}}