{"id":2904,"date":"2021-06-21T13:51:50","date_gmt":"2021-06-21T13:51:50","guid":{"rendered":"https:\/\/promo-theme.com\/novo\/?page_id=2904"},"modified":"2026-04-11T22:46:48","modified_gmt":"2026-04-11T20:46:48","slug":"blog","status":"publish","type":"page","link":"https:\/\/wizualizacje.warszawa.pl\/index.php\/blog\/","title":{"rendered":"Blog"},"content":{"rendered":"\t\t<div data-elementor-type=\"wp-page\" data-elementor-id=\"2904\" class=\"elementor elementor-2904\">\n\t\t\t\t\t\t<section class=\"elementor-section elementor-top-section elementor-element elementor-element-c0a6562 elementor-section-boxed elementor-section-height-default elementor-section-height-default\" data-id=\"c0a6562\" data-element_type=\"section\" data-e-type=\"section\">\n\t\t\t\t\t\t<div class=\"elementor-container elementor-column-gap-default\">\n\t\t\t\t\t<div class=\"elementor-column elementor-col-100 elementor-top-column elementor-element elementor-element-53b52b6\" data-id=\"53b52b6\" data-element_type=\"column\" data-e-type=\"column\">\n\t\t\t<div class=\"elementor-widget-wrap elementor-element-populated\">\n\t\t\t\t\t\t<div class=\"elementor-element elementor-element-3b7b675 elementor-widget elementor-widget-yprm_heading\" data-id=\"3b7b675\" data-element_type=\"widget\" data-e-type=\"widget\" data-widget_type=\"yprm_heading.default\">\n\t\t\t\t<div class=\"elementor-widget-container\">\n\t\t\t\t\t\t\t\t<div class=\"heading-block tac\">\n\t\t\t\t                  <h2 class=\"h\">Blog<\/h2>\n        \t\t\t<\/div>\n      \t\t\t\t\t\t<\/div>\n\t\t\t\t<\/div>\n\t\t\t\t\t<\/div>\n\t\t<\/div>\n\t\t\t\t\t<\/div>\n\t\t<\/section>\n\t\t\t\t<section class=\"elementor-section elementor-top-section elementor-element elementor-element-955649f elementor-section-boxed elementor-section-height-default elementor-section-height-default\" data-id=\"955649f\" data-element_type=\"section\" data-e-type=\"section\">\n\t\t\t\t\t\t<div class=\"elementor-container elementor-column-gap-default\">\n\t\t\t\t\t<div class=\"elementor-column elementor-col-100 elementor-top-column elementor-element elementor-element-ebfb748\" data-id=\"ebfb748\" data-element_type=\"column\" data-e-type=\"column\">\n\t\t\t<div class=\"elementor-widget-wrap elementor-element-populated\">\n\t\t\t\t\t\t<div class=\"elementor-element elementor-element-f842570 elementor-widget elementor-widget-yprm_blog\" data-id=\"f842570\" data-element_type=\"widget\" data-e-type=\"widget\" data-settings=\"{&quot;type&quot;:&quot;masonry&quot;,&quot;cols_xs&quot;:1,&quot;cols_sm&quot;:2,&quot;cols_md&quot;:3}\" data-widget_type=\"yprm_blog.default\">\n\t\t\t\t<div class=\"elementor-widget-container\">\n\t\t\t\t\t\r\n\t\t<div class=\"blog-block elementor-block\">\r\n\t\t\t\t\t<div class=\"filter-button-group tac\">\r\n\t\t\t<div class=\"wrap\">\r\n\t\t\t\t<button class=\"active\" data-filter=\"*\">\r\n\t\t\t\t\t<span>All<\/span>\r\n\t\t\t\t<\/button>\r\n\t\t\t\t\t\t\t\t\t<button data-filter=\".category-10\">\r\n\t\t\t\t\t\t<span>Inne<\/span>\r\n\t\t\t\t\t<\/button>\r\n\t\t\t\t\t\t\t\t\t<button data-filter=\".category-4\">\r\n\t\t\t\t\t\t<span>Jednorodzinne<\/span>\r\n\t\t\t\t\t<\/button>\r\n\t\t\t\t\t\t\t\t\t<button data-filter=\".category-7\">\r\n\t\t\t\t\t\t<span>Osiedla<\/span>\r\n\t\t\t\t\t<\/button>\r\n\t\t\t\t\t\t\t\t\t<button data-filter=\".category-5\">\r\n\t\t\t\t\t\t<span>Wilorodzinne<\/span>\r\n\t\t\t\t\t<\/button>\r\n\t\t\t\t\t\t\t<\/div>\r\n\t\t<\/div>\r\n\t\t\t\t\t<div class=\"isotope row blog-type-masonry load-wrap blog-items\">\r\n        <div class=\"grid-sizer col-1\"><\/div>\r\n\t\t\t\t\r\n\t\t<article class=\"blog-item istp-item col-12 col-sm-6 col-md-4 with-image with-author category-10 category-5\">\r\n\t\t\t<div class=\"wrap\">\r\n\t\t\t\t\t\t\t\t\t<div class=\"img\">\r\n\t\t\t\t\t\t<div class=\"author-info-block\">\r\n\t\t\t<div class=\"author-info-avatar\" style=\"background-image: url(https:\/\/secure.gravatar.com\/avatar\/2ccf09972b49c6d567cc2fc7f7530e37c248546731f48e3b31f361be6bdf7937?s=96&d=mm&r=g)\"><\/div>\r\n\t\t\t<div class=\"author-info-content\">\r\n\t\t\t\t<div class=\"name\">ozzy<\/div>\r\n\t\t\t\t\t\t<div class=\"date\">1 pa\u017adziernika 2023<\/div>\r\n\t\t\t\t\t<\/div>\r\n\t\t<\/div>\r\n\t\t\t\t\t\t<a href=\"https:\/\/wizualizacje.warszawa.pl\/index.php\/2023\/10\/01\/apartamenty_rawelin\/\" data-original=\"https:\/\/wizualizacje.warszawa.pl\/wp-content\/uploads\/2025\/10\/Wiz-3-Rawelin-w-.jpg\">\r\n\t\t\t\t\t<img fetchpriority=\"high\" decoding=\"async\" width=\"1024\" height=\"581\" src=\"https:\/\/wizualizacje.warszawa.pl\/wp-content\/uploads\/2025\/10\/Wiz-3-Rawelin-w--1024x581.jpg\" class=\"attachment-large size-large\" alt=\"\" srcset=\"https:\/\/wizualizacje.warszawa.pl\/wp-content\/uploads\/2025\/10\/Wiz-3-Rawelin-w--1024x581.jpg 1024w, https:\/\/wizualizacje.warszawa.pl\/wp-content\/uploads\/2025\/10\/Wiz-3-Rawelin-w--300x170.jpg 300w, https:\/\/wizualizacje.warszawa.pl\/wp-content\/uploads\/2025\/10\/Wiz-3-Rawelin-w--768x436.jpg 768w, https:\/\/wizualizacje.warszawa.pl\/wp-content\/uploads\/2025\/10\/Wiz-3-Rawelin-w--1536x871.jpg 1536w, https:\/\/wizualizacje.warszawa.pl\/wp-content\/uploads\/2025\/10\/Wiz-3-Rawelin-w--70x40.jpg 70w, https:\/\/wizualizacje.warszawa.pl\/wp-content\/uploads\/2025\/10\/Wiz-3-Rawelin-w-.jpg 1920w\" sizes=\"(max-width: 1024px) 100vw, 1024px\" \/>\t\t\t\t<\/a>\r\n\t\t\t<\/div>\r\n\t\t\t\t\t\t\t\t<div class=\"content\">\r\n\t\t\t\t\t\t\t\t\t\t\t\t<h5>\r\n\t\t\t<a class=\"title\" href=\"https:\/\/wizualizacje.warszawa.pl\/index.php\/2023\/10\/01\/apartamenty_rawelin\/\">Apartamenty Rawelin<\/a>\r\n\t\t<\/h5>\r\n\t\t\t\t\t\t\t\t\t\t\t\t\t\t\t\t\t\t\t<a href=\"https:\/\/wizualizacje.warszawa.pl\/index.php\/2023\/10\/01\/apartamenty_rawelin\/\" class=\"button-style2\">\r\n\t\t\tRead More\t\t<\/a>\r\n\t\t\t\t\t\t<\/div>\r\n        <div class=\"clear\"><\/div>\r\n        \t\t<div class=\"bottom\">\r\n\t\t\t\t\t\t\t<div class=\"col\">\r\n\t\t\t\t\t<a href=\"#\" class=\"zilla-likes\" id=\"zilla-likes-1198\" title=\"Like this\" data-postfix=\" like\"><i class=\"multimedia-icon-heart\"><\/i> <span>0 likes<\/span><\/a>\t\t\t\t<\/div>\r\n\t\t\t\t\t\t\t\t\t\t<div class=\"col\">\r\n\t\t\t\t\t<i class=\"multimedia-icon-speech-bubble-1\"><\/i>\r\n\t\t\t\t\t<a href=\"https:\/\/wizualizacje.warszawa.pl\/index.php\/2023\/10\/01\/apartamenty_rawelin\/#comments\">Brak komentarzy<\/a>\r\n\t\t\t\t<\/div>\r\n\t\t\t\t\t<\/div>\r\n\t\t\t\t\t<\/div>\r\n\t\t<\/article>\r\n\t\t\r\n\t\t<article class=\"blog-item istp-item col-12 col-sm-6 col-md-4 with-image with-author category-7 category-5\">\r\n\t\t\t<div class=\"wrap\">\r\n\t\t\t\t\t\t\t\t\t<div class=\"img\">\r\n\t\t\t\t\t\t<div class=\"author-info-block\">\r\n\t\t\t<div class=\"author-info-avatar\" style=\"background-image: url(https:\/\/secure.gravatar.com\/avatar\/2ccf09972b49c6d567cc2fc7f7530e37c248546731f48e3b31f361be6bdf7937?s=96&d=mm&r=g)\"><\/div>\r\n\t\t\t<div class=\"author-info-content\">\r\n\t\t\t\t<div class=\"name\">ozzy<\/div>\r\n\t\t\t\t\t\t<div class=\"date\">15 wrze\u015bnia 2022<\/div>\r\n\t\t\t\t\t<\/div>\r\n\t\t<\/div>\r\n\t\t\t\t\t\t<a href=\"https:\/\/wizualizacje.warszawa.pl\/index.php\/2022\/09\/15\/chmielna-duo\/\" data-original=\"https:\/\/wizualizacje.warszawa.pl\/wp-content\/uploads\/2017\/09\/Chmielna-Duo-3w.jpg\">\r\n\t\t\t\t\t<img decoding=\"async\" width=\"1024\" height=\"683\" src=\"https:\/\/wizualizacje.warszawa.pl\/wp-content\/uploads\/2017\/09\/Chmielna-Duo-3w-1024x683.jpg\" class=\"attachment-large size-large\" alt=\"\" srcset=\"https:\/\/wizualizacje.warszawa.pl\/wp-content\/uploads\/2017\/09\/Chmielna-Duo-3w-1024x683.jpg 1024w, https:\/\/wizualizacje.warszawa.pl\/wp-content\/uploads\/2017\/09\/Chmielna-Duo-3w-300x200.jpg 300w, https:\/\/wizualizacje.warszawa.pl\/wp-content\/uploads\/2017\/09\/Chmielna-Duo-3w-768x512.jpg 768w, https:\/\/wizualizacje.warszawa.pl\/wp-content\/uploads\/2017\/09\/Chmielna-Duo-3w-1536x1024.jpg 1536w, https:\/\/wizualizacje.warszawa.pl\/wp-content\/uploads\/2017\/09\/Chmielna-Duo-3w-70x47.jpg 70w, https:\/\/wizualizacje.warszawa.pl\/wp-content\/uploads\/2017\/09\/Chmielna-Duo-3w.jpg 1920w\" sizes=\"(max-width: 1024px) 100vw, 1024px\" \/>\t\t\t\t<\/a>\r\n\t\t\t<\/div>\r\n\t\t\t\t\t\t\t\t<div class=\"content\">\r\n\t\t\t\t\t\t\t\t\t\t\t\t<h5>\r\n\t\t\t<a class=\"title\" href=\"https:\/\/wizualizacje.warszawa.pl\/index.php\/2022\/09\/15\/chmielna-duo\/\">Chmielna Duo Apartamenty<\/a>\r\n\t\t<\/h5>\r\n\t\t\t\t\t\t\t\t\t\t\t\t\t\t\t\t\t\t\t<a href=\"https:\/\/wizualizacje.warszawa.pl\/index.php\/2022\/09\/15\/chmielna-duo\/\" class=\"button-style2\">\r\n\t\t\tRead More\t\t<\/a>\r\n\t\t\t\t\t\t<\/div>\r\n        <div class=\"clear\"><\/div>\r\n        \t\t<div class=\"bottom\">\r\n\t\t\t\t\t\t\t<div class=\"col\">\r\n\t\t\t\t\t<a href=\"#\" class=\"zilla-likes\" id=\"zilla-likes-676\" title=\"Like this\" data-postfix=\" like\"><i class=\"multimedia-icon-heart\"><\/i> <span>0 likes<\/span><\/a>\t\t\t\t<\/div>\r\n\t\t\t\t\t\t\t\t\t\t<div class=\"col\">\r\n\t\t\t\t\t<i class=\"multimedia-icon-speech-bubble-1\"><\/i>\r\n\t\t\t\t\t<a href=\"https:\/\/wizualizacje.warszawa.pl\/index.php\/2022\/09\/15\/chmielna-duo\/#comments\">Brak komentarzy<\/a>\r\n\t\t\t\t<\/div>\r\n\t\t\t\t\t<\/div>\r\n\t\t\t\t\t<\/div>\r\n\t\t<\/article>\r\n\t\t\r\n\t\t<article class=\"blog-item istp-item col-12 col-sm-6 col-md-4 with-image with-author category-4 category-7 category-5\">\r\n\t\t\t<div class=\"wrap\">\r\n\t\t\t\t\t\t\t\t\t<div class=\"img\">\r\n\t\t\t\t\t\t<div class=\"author-info-block\">\r\n\t\t\t<div class=\"author-info-avatar\" style=\"background-image: url(https:\/\/secure.gravatar.com\/avatar\/2ccf09972b49c6d567cc2fc7f7530e37c248546731f48e3b31f361be6bdf7937?s=96&d=mm&r=g)\"><\/div>\r\n\t\t\t<div class=\"author-info-content\">\r\n\t\t\t\t<div class=\"name\">ozzy<\/div>\r\n\t\t\t\t\t\t<div class=\"date\">15 marca 2026<\/div>\r\n\t\t\t\t\t<\/div>\r\n\t\t<\/div>\r\n\t\t\t\t\t\t<a href=\"https:\/\/wizualizacje.warszawa.pl\/index.php\/2026\/03\/15\/animacje-ai\/\" data-original=\"https:\/\/wizualizacje.warszawa.pl\/wp-content\/uploads\/2017\/09\/ChatGPT-Image-12-lut-2026-15_03_48.png\">\r\n\t\t\t\t\t<img decoding=\"async\" width=\"1024\" height=\"683\" src=\"https:\/\/wizualizacje.warszawa.pl\/wp-content\/uploads\/2017\/09\/ChatGPT-Image-12-lut-2026-15_03_48-1024x683.png\" class=\"attachment-large size-large\" alt=\"\" srcset=\"https:\/\/wizualizacje.warszawa.pl\/wp-content\/uploads\/2017\/09\/ChatGPT-Image-12-lut-2026-15_03_48-1024x683.png 1024w, https:\/\/wizualizacje.warszawa.pl\/wp-content\/uploads\/2017\/09\/ChatGPT-Image-12-lut-2026-15_03_48-300x200.png 300w, https:\/\/wizualizacje.warszawa.pl\/wp-content\/uploads\/2017\/09\/ChatGPT-Image-12-lut-2026-15_03_48-768x512.png 768w, https:\/\/wizualizacje.warszawa.pl\/wp-content\/uploads\/2017\/09\/ChatGPT-Image-12-lut-2026-15_03_48-70x47.png 70w, https:\/\/wizualizacje.warszawa.pl\/wp-content\/uploads\/2017\/09\/ChatGPT-Image-12-lut-2026-15_03_48.png 1536w\" sizes=\"(max-width: 1024px) 100vw, 1024px\" \/>\t\t\t\t<\/a>\r\n\t\t\t<\/div>\r\n\t\t\t\t\t\t\t\t<div class=\"content\">\r\n\t\t\t\t\t\t\t\t\t\t\t\t<h5>\r\n\t\t\t<a class=\"title\" href=\"https:\/\/wizualizacje.warszawa.pl\/index.php\/2026\/03\/15\/animacje-ai\/\">Animacje AI<\/a>\r\n\t\t<\/h5>\r\n\t\t\t\t\t\t\t\t\t\t\t\t\t\t\t\t\t\t\t<a href=\"https:\/\/wizualizacje.warszawa.pl\/index.php\/2026\/03\/15\/animacje-ai\/\" class=\"button-style2\">\r\n\t\t\tRead More\t\t<\/a>\r\n\t\t\t\t\t\t<\/div>\r\n        <div class=\"clear\"><\/div>\r\n        \t\t<div class=\"bottom\">\r\n\t\t\t\t\t\t\t<div class=\"col\">\r\n\t\t\t\t\t<a href=\"#\" class=\"zilla-likes\" id=\"zilla-likes-623\" title=\"Like this\" data-postfix=\" like\"><i class=\"multimedia-icon-heart\"><\/i> <span>0 likes<\/span><\/a>\t\t\t\t<\/div>\r\n\t\t\t\t\t\t\t\t\t\t<div class=\"col\">\r\n\t\t\t\t\t<i class=\"multimedia-icon-speech-bubble-1\"><\/i>\r\n\t\t\t\t\t<a href=\"https:\/\/wizualizacje.warszawa.pl\/index.php\/2026\/03\/15\/animacje-ai\/#comments\">Brak komentarzy<\/a>\r\n\t\t\t\t<\/div>\r\n\t\t\t\t\t<\/div>\r\n\t\t\t\t\t<\/div>\r\n\t\t<\/article>\r\n\t\t\r\n\t\t<article class=\"blog-item istp-item col-12 col-sm-6 col-md-4 with-image with-author category-7 category-5\">\r\n\t\t\t<div class=\"wrap\">\r\n\t\t\t\t\t\t\t\t\t<div class=\"img\">\r\n\t\t\t\t\t\t<div class=\"author-info-block\">\r\n\t\t\t<div class=\"author-info-avatar\" style=\"background-image: url(https:\/\/secure.gravatar.com\/avatar\/2ccf09972b49c6d567cc2fc7f7530e37c248546731f48e3b31f361be6bdf7937?s=96&d=mm&r=g)\"><\/div>\r\n\t\t\t<div class=\"author-info-content\">\r\n\t\t\t\t<div class=\"name\">ozzy<\/div>\r\n\t\t\t\t\t\t<div class=\"date\">10 sierpnia 2019<\/div>\r\n\t\t\t\t\t<\/div>\r\n\t\t<\/div>\r\n\t\t\t\t\t\t<a href=\"https:\/\/wizualizacje.warszawa.pl\/index.php\/2019\/08\/10\/wizualizacja-budynku-warszawa\/\" data-original=\"https:\/\/wizualizacje.warszawa.pl\/wp-content\/uploads\/2019\/08\/6-TALO-w.jpg\">\r\n\t\t\t\t\t<img loading=\"lazy\" decoding=\"async\" width=\"1024\" height=\"640\" src=\"https:\/\/wizualizacje.warszawa.pl\/wp-content\/uploads\/2019\/08\/6-TALO-w-1024x640.jpg\" class=\"attachment-large size-large\" alt=\"Wizualizacja budynku w Warszawie ul. Ostr\u00f3dzka TALO\" srcset=\"https:\/\/wizualizacje.warszawa.pl\/wp-content\/uploads\/2019\/08\/6-TALO-w-1024x640.jpg 1024w, https:\/\/wizualizacje.warszawa.pl\/wp-content\/uploads\/2019\/08\/6-TALO-w-300x188.jpg 300w, https:\/\/wizualizacje.warszawa.pl\/wp-content\/uploads\/2019\/08\/6-TALO-w-768x480.jpg 768w, https:\/\/wizualizacje.warszawa.pl\/wp-content\/uploads\/2019\/08\/6-TALO-w.jpg 1920w\" sizes=\"(max-width: 1024px) 100vw, 1024px\" \/>\t\t\t\t<\/a>\r\n\t\t\t<\/div>\r\n\t\t\t\t\t\t\t\t<div class=\"content\">\r\n\t\t\t\t\t\t\t\t\t\t\t\t<h5>\r\n\t\t\t<a class=\"title\" href=\"https:\/\/wizualizacje.warszawa.pl\/index.php\/2019\/08\/10\/wizualizacja-budynku-warszawa\/\">Wizualizacje Ostr\u00f3dzka Park - TALO Development<\/a>\r\n\t\t<\/h5>\r\n\t\t\t\t\t\t\t\t\t\t\t\t\t\t\t\t\t\t\t<a href=\"https:\/\/wizualizacje.warszawa.pl\/index.php\/2019\/08\/10\/wizualizacja-budynku-warszawa\/\" class=\"button-style2\">\r\n\t\t\tRead More\t\t<\/a>\r\n\t\t\t\t\t\t<\/div>\r\n        <div class=\"clear\"><\/div>\r\n        \t\t<div class=\"bottom\">\r\n\t\t\t\t\t\t\t<div class=\"col\">\r\n\t\t\t\t\t<a href=\"#\" class=\"zilla-likes\" id=\"zilla-likes-68\" title=\"Like this\" data-postfix=\" like\"><i class=\"multimedia-icon-heart\"><\/i> <span>0 likes<\/span><\/a>\t\t\t\t<\/div>\r\n\t\t\t\t\t\t\t\t\t\t<div class=\"col\">\r\n\t\t\t\t\t<i class=\"multimedia-icon-speech-bubble-1\"><\/i>\r\n\t\t\t\t\t<a href=\"https:\/\/wizualizacje.warszawa.pl\/index.php\/2019\/08\/10\/wizualizacja-budynku-warszawa\/#comments\">Brak komentarzy<\/a>\r\n\t\t\t\t<\/div>\r\n\t\t\t\t\t<\/div>\r\n\t\t\t\t\t<\/div>\r\n\t\t<\/article>\r\n\t\t\r\n\t\t<article class=\"blog-item istp-item col-12 col-sm-6 col-md-4 with-image with-author category-7 category-5\">\r\n\t\t\t<div class=\"wrap\">\r\n\t\t\t\t\t\t\t\t\t<div class=\"img\">\r\n\t\t\t\t\t\t<div class=\"author-info-block\">\r\n\t\t\t<div class=\"author-info-avatar\" style=\"background-image: url(https:\/\/secure.gravatar.com\/avatar\/2ccf09972b49c6d567cc2fc7f7530e37c248546731f48e3b31f361be6bdf7937?s=96&d=mm&r=g)\"><\/div>\r\n\t\t\t<div class=\"author-info-content\">\r\n\t\t\t\t<div class=\"name\">ozzy<\/div>\r\n\t\t\t\t\t\t<div class=\"date\">9 wrze\u015bnia 2018<\/div>\r\n\t\t\t\t\t<\/div>\r\n\t\t<\/div>\r\n\t\t\t\t\t\t<a href=\"https:\/\/wizualizacje.warszawa.pl\/index.php\/2018\/09\/09\/wizualizacje-osiedli\/\" data-original=\"https:\/\/wizualizacje.warszawa.pl\/wp-content\/uploads\/2018\/09\/Atal-WaW-03w.jpg\">\r\n\t\t\t\t\t<img loading=\"lazy\" decoding=\"async\" width=\"1024\" height=\"640\" src=\"https:\/\/wizualizacje.warszawa.pl\/wp-content\/uploads\/2018\/09\/Atal-WaW-03w-1024x640.jpg\" class=\"attachment-large size-large\" alt=\"Wizualizacja budynku w Warszawie ATAL\" srcset=\"https:\/\/wizualizacje.warszawa.pl\/wp-content\/uploads\/2018\/09\/Atal-WaW-03w-1024x640.jpg 1024w, https:\/\/wizualizacje.warszawa.pl\/wp-content\/uploads\/2018\/09\/Atal-WaW-03w-300x188.jpg 300w, https:\/\/wizualizacje.warszawa.pl\/wp-content\/uploads\/2018\/09\/Atal-WaW-03w-768x480.jpg 768w, https:\/\/wizualizacje.warszawa.pl\/wp-content\/uploads\/2018\/09\/Atal-WaW-03w.jpg 1920w\" sizes=\"(max-width: 1024px) 100vw, 1024px\" \/>\t\t\t\t<\/a>\r\n\t\t\t<\/div>\r\n\t\t\t\t\t\t\t\t<div class=\"content\">\r\n\t\t\t\t\t\t\t\t\t\t\t\t<h5>\r\n\t\t\t<a class=\"title\" href=\"https:\/\/wizualizacje.warszawa.pl\/index.php\/2018\/09\/09\/wizualizacje-osiedli\/\">Wizualizacje Osiedle Warszawa dla ATAL S.A<\/a>\r\n\t\t<\/h5>\r\n\t\t\t\t\t\t\t\t\t\t\t\t\t\t\t\t\t\t\t<a href=\"https:\/\/wizualizacje.warszawa.pl\/index.php\/2018\/09\/09\/wizualizacje-osiedli\/\" class=\"button-style2\">\r\n\t\t\tRead More\t\t<\/a>\r\n\t\t\t\t\t\t<\/div>\r\n        <div class=\"clear\"><\/div>\r\n        \t\t<div class=\"bottom\">\r\n\t\t\t\t\t\t\t<div class=\"col\">\r\n\t\t\t\t\t<a href=\"#\" class=\"zilla-likes\" id=\"zilla-likes-1\" title=\"Like this\" data-postfix=\" like\"><i class=\"multimedia-icon-heart\"><\/i> <span>0 likes<\/span><\/a>\t\t\t\t<\/div>\r\n\t\t\t\t\t\t\t\t\t\t<div class=\"col\">\r\n\t\t\t\t\t<i class=\"multimedia-icon-speech-bubble-1\"><\/i>\r\n\t\t\t\t\t<a href=\"https:\/\/wizualizacje.warszawa.pl\/index.php\/2018\/09\/09\/wizualizacje-osiedli\/#comments\">Brak komentarzy<\/a>\r\n\t\t\t\t<\/div>\r\n\t\t\t\t\t<\/div>\r\n\t\t\t\t\t<\/div>\r\n\t\t<\/article>\r\n\t\t\t\t\t<\/div>\r\n\t\t\t\t\t<\/div>\r\n\r\n    \t\t\t\t<\/div>\n\t\t\t\t<\/div>\n\t\t\t\t\t<\/div>\n\t\t<\/div>\n\t\t\t\t\t<\/div>\n\t\t<\/section>\n\t\t\t\t<\/div>\n\t\t","protected":false},"excerpt":{"rendered":"<p>Blog All Inne Jednorodzinne Karty lokali Music Osiedla Studio Wilorodzinne ozzy 1 pa\u017adziernika 2023 Apartamenty Rawelin Read More 0 likes Brak komentarzy ozzy 1 pa\u017adziernika 2018 Loneleness Read More 0 likes Brak komentarzy ozzy 1 pa\u017adziernika 2018 Smoke on the water Read More 0 likes Brak komentarzy ozzy 15 wrze\u015bnia 2017 Miracle Read More 0 [&hellip;]<\/p>\n","protected":false},"author":1,"featured_media":0,"parent":0,"menu_order":0,"comment_status":"closed","ping_status":"closed","template":"template-landing.php","meta":{"_acf_changed":false,"_themeisle_gutenberg_block_has_review":false,"footnotes":""},"class_list":["post-2904","page","type-page","status-publish","hentry"],"acf":[],"_links":{"self":[{"href":"https:\/\/wizualizacje.warszawa.pl\/index.php\/wp-json\/wp\/v2\/pages\/2904","targetHints":{"allow":["GET"]}}],"collection":[{"href":"https:\/\/wizualizacje.warszawa.pl\/index.php\/wp-json\/wp\/v2\/pages"}],"about":[{"href":"https:\/\/wizualizacje.warszawa.pl\/index.php\/wp-json\/wp\/v2\/types\/page"}],"author":[{"embeddable":true,"href":"https:\/\/wizualizacje.warszawa.pl\/index.php\/wp-json\/wp\/v2\/users\/1"}],"replies":[{"embeddable":true,"href":"https:\/\/wizualizacje.warszawa.pl\/index.php\/wp-json\/wp\/v2\/comments?post=2904"}],"version-history":[{"count":4,"href":"https:\/\/wizualizacje.warszawa.pl\/index.php\/wp-json\/wp\/v2\/pages\/2904\/revisions"}],"predecessor-version":[{"id":3816,"href":"https:\/\/wizualizacje.warszawa.pl\/index.php\/wp-json\/wp\/v2\/pages\/2904\/revisions\/3816"}],"wp:attachment":[{"href":"https:\/\/wizualizacje.warszawa.pl\/index.php\/wp-json\/wp\/v2\/media?parent=2904"}],"curies":[{"name":"wp","href":"https:\/\/api.w.org\/{rel}","templated":true}]}}